{"id":8783,"date":"2024-11-01T09:36:45","date_gmt":"2024-11-01T12:36:45","guid":{"rendered":"https:\/\/atimilplast.com.br\/loja\/?post_type=product&#038;p=8783"},"modified":"2025-06-11T15:16:54","modified_gmt":"2025-06-11T18:16:54","slug":"vaso-de-polietileno-conico-grafiato-47","status":"publish","type":"product","link":"https:\/\/atimilplast.com.br\/loja\/produtos\/vasos-de-polietileno\/vaso-de-polietileno-conico-grafiato-47\/","title":{"rendered":"Vaso de Polietileno C\u00f4nico Grafiato 47"},"content":{"rendered":"","protected":false},"excerpt":{"rendered":"<p>O\u00a0<strong>Vaso de Polietileno C\u00f4nico Grafiato<\/strong>, possui um design \u00fanico e elegante que combina com qualquer tipo de ambiente, interno ou externo.<\/p>\n<p>Fabricado em polipropileno, este vaso de pl\u00e1stico \u00e9 extremamente resistente a impactos e \u00e0s intemp\u00e9ries clim\u00e1ticas.<\/p>\n<p>F\u00e1cil de higienizar, n\u00e3o descasca e n\u00e3o absorve umidade, o que o torna higi\u00eanico e seguro, pois evita a prolifera\u00e7\u00e3o de fungos.<\/p>\n","protected":false},"featured_media":8784,"template":"","meta":{"_acf_changed":false},"descricao":[],"product_brand":[],"product_cat":[366],"product_tag":[],"class_list":{"0":"post-8783","1":"product","2":"type-product","3":"status-publish","4":"has-post-thumbnail","6":"product_cat-vasos-de-polietileno","7":"pa_cor-areia","8":"pa_cor-cafe","9":"pa_cor-cinza","10":"pa_cor-preto","11":"pa_material-polietileno","12":"pa_modelo-vaso-de-polietileno-conico-grafiato-47","15":"instock","16":"shipping-taxable","17":"product-type-simple"},"acf":[],"_links":{"self":[{"href":"https:\/\/atimilplast.com.br\/loja\/wp-json\/wp\/v2\/product\/8783","targetHints":{"allow":["GET"]}}],"collection":[{"href":"https:\/\/atimilplast.com.br\/loja\/wp-json\/wp\/v2\/product"}],"about":[{"href":"https:\/\/atimilplast.com.br\/loja\/wp-json\/wp\/v2\/types\/product"}],"version-history":[{"count":2,"href":"https:\/\/atimilplast.com.br\/loja\/wp-json\/wp\/v2\/product\/8783\/revisions"}],"predecessor-version":[{"id":9139,"href":"https:\/\/atimilplast.com.br\/loja\/wp-json\/wp\/v2\/product\/8783\/revisions\/9139"}],"wp:featuredmedia":[{"embeddable":true,"href":"https:\/\/atimilplast.com.br\/loja\/wp-json\/wp\/v2\/media\/8784"}],"wp:attachment":[{"href":"https:\/\/atimilplast.com.br\/loja\/wp-json\/wp\/v2\/media?parent=8783"}],"wp:term":[{"taxonomy":"descricao","embeddable":true,"href":"https:\/\/atimilplast.com.br\/loja\/wp-json\/wp\/v2\/descricao?post=8783"},{"taxonomy":"product_brand","embeddable":true,"href":"https:\/\/atimilplast.com.br\/loja\/wp-json\/wp\/v2\/product_brand?post=8783"},{"taxonomy":"product_cat","embeddable":true,"href":"https:\/\/atimilplast.com.br\/loja\/wp-json\/wp\/v2\/product_cat?post=8783"},{"taxonomy":"product_tag","embeddable":true,"href":"https:\/\/atimilplast.com.br\/loja\/wp-json\/wp\/v2\/product_tag?post=8783"}],"curies":[{"name":"wp","href":"https:\/\/api.w.org\/{rel}","templated":true}]}}