{"id":8854,"date":"2024-11-01T11:01:40","date_gmt":"2024-11-01T14:01:40","guid":{"rendered":"https:\/\/atimilplast.com.br\/loja\/?post_type=product&#038;p=8854"},"modified":"2025-06-11T15:16:55","modified_gmt":"2025-06-11T18:16:55","slug":"3-lixeiras-para-coleta-seletiva-100-litros-kit-com-3-lixeiras","status":"publish","type":"product","link":"https:\/\/atimilplast.com.br\/loja\/produtos\/lixeiras\/lixeiras-para-coleta-seletiva-100l\/3-lixeiras-para-coleta-seletiva-100-litros-kit-com-3-lixeiras\/","title":{"rendered":"3 Lixeiras para Coleta Seletiva 100 Litros \u2013 KIT com 3 Lixeiras"},"content":{"rendered":"","protected":false},"excerpt":{"rendered":"<p>O kit \u00e9 composto por 3 Lixeiras para Coleta Seletiva 100 Litros fabricado em Polietileno de Alta Densidade (PEAD) ou Polipropileno (PP).<\/p>\n<p>Nossas lixeiras s\u00e3o produzidas com alto padr\u00e3o de tecnologia e qualidade de acordo com as principais normas vigentes da (ANVISA).<\/p>\n<p>As Lixeiras para Coleta Seletiva 100L \u2013 Kit com 3 lixeiras possuem estrutura em a\u00e7o galvanizado. Podem ser montadas e desmontadas facilmente, garantindo maior seguran\u00e7a e durabilidade.<\/p>\n<p>Possuem tampa basculante e sistema multi encaixe, permitindo encaixar umas \u00e0s outras.<\/p>\n<p>As Lixeiras para Coleta Seletiva 100L s\u00e3o facilmente empilh\u00e1veis, agilizando seu armazenamento e estoque.<\/p>\n<p>De olho na processo de reciclagem, as lixeiras de coleta seletiva s\u00e3o divididas por cores para facilitar o descarte e separa\u00e7\u00e3o do lixo, s\u00e3o ainda resistentes ao impacto, aos raios ultravioletas e \u00e0s repetidas lavagens.<\/p>\n<p>As Lixeiras para coleta seletiva s\u00e3o fabricadas nas cores verde, azul, vermelho, amarelo, cinza, laranja, preta, branca e marrom.<\/p>\n<p>S\u00c3O INDICADAS PARA:<\/p>\n<ul>\n<li>Coleta urbana;<\/li>\n<li>Coleta seletiva;<\/li>\n<li>Clubes e Academias;<\/li>\n<li>Hospitais e ind\u00fastrias<\/li>\n<li>Escolas e Universidades<\/li>\n<li>Ruas, Shoppings e condom\u00ednios;<\/li>\n<li>Parques, Postos de Gasolina, Pra\u00e7as etc<\/li>\n<\/ul>\n<p>OBSERVA\u00c7\u00d5ES:<\/p>\n<p><em><strong>*\u00a0<\/strong>Adesivos, p<\/em><em>arafusos e arruelas p\/ montagem inclusos. Acompanha Manual de Montagem.<\/em><\/p>\n","protected":false},"featured_media":8855,"template":"","meta":{"_acf_changed":false},"descricao":[],"product_brand":[],"product_cat":[93,406],"product_tag":[],"class_list":{"0":"post-8854","1":"product","2":"type-product","3":"status-publish","4":"has-post-thumbnail","6":"product_cat-lixeiras","7":"product_cat-lixeiras-para-coleta-seletiva-100l","8":"pa_cor-amarelo","9":"pa_cor-azul","10":"pa_cor-branco","11":"pa_cor-cinza","12":"pa_cor-laranja","13":"pa_cor-marrom","14":"pa_cor-preto","15":"pa_cor-verde","16":"pa_cor-vermelho","17":"pa_material-pead-polietileno-de-alta-densidade-ou-pp-polipropileno","18":"pa_modelo-3-lixeiras-para-coleta-seletiva-100-litros-kit-com-3-lixeiras","21":"instock","22":"shipping-taxable","23":"product-type-simple"},"acf":[],"_links":{"self":[{"href":"https:\/\/atimilplast.com.br\/loja\/wp-json\/wp\/v2\/product\/8854","targetHints":{"allow":["GET"]}}],"collection":[{"href":"https:\/\/atimilplast.com.br\/loja\/wp-json\/wp\/v2\/product"}],"about":[{"href":"https:\/\/atimilplast.com.br\/loja\/wp-json\/wp\/v2\/types\/product"}],"version-history":[{"count":1,"href":"https:\/\/atimilplast.com.br\/loja\/wp-json\/wp\/v2\/product\/8854\/revisions"}],"predecessor-version":[{"id":8857,"href":"https:\/\/atimilplast.com.br\/loja\/wp-json\/wp\/v2\/product\/8854\/revisions\/8857"}],"wp:featuredmedia":[{"embeddable":true,"href":"https:\/\/atimilplast.com.br\/loja\/wp-json\/wp\/v2\/media\/8855"}],"wp:attachment":[{"href":"https:\/\/atimilplast.com.br\/loja\/wp-json\/wp\/v2\/media?parent=8854"}],"wp:term":[{"taxonomy":"descricao","embeddable":true,"href":"https:\/\/atimilplast.com.br\/loja\/wp-json\/wp\/v2\/descricao?post=8854"},{"taxonomy":"product_brand","embeddable":true,"href":"https:\/\/atimilplast.com.br\/loja\/wp-json\/wp\/v2\/product_brand?post=8854"},{"taxonomy":"product_cat","embeddable":true,"href":"https:\/\/atimilplast.com.br\/loja\/wp-json\/wp\/v2\/product_cat?post=8854"},{"taxonomy":"product_tag","embeddable":true,"href":"https:\/\/atimilplast.com.br\/loja\/wp-json\/wp\/v2\/product_tag?post=8854"}],"curies":[{"name":"wp","href":"https:\/\/api.w.org\/{rel}","templated":true}]}}