{"id":8905,"date":"2024-11-01T14:15:35","date_gmt":"2024-11-01T17:15:35","guid":{"rendered":"https:\/\/atimilplast.com.br\/loja\/?post_type=product&#038;p=8905"},"modified":"2025-06-11T15:16:56","modified_gmt":"2025-06-11T18:16:56","slug":"bituqueira-plastica","status":"publish","type":"product","link":"https:\/\/atimilplast.com.br\/loja\/produtos\/bituqueira\/bituqueira-plastica\/","title":{"rendered":"Bituqueira Pl\u00e1stica"},"content":{"rendered":"","protected":false},"excerpt":{"rendered":"<p>A\u00a0<strong>Bituqueira Pl\u00e1stica <\/strong>foi desenvolvida para evitar o descarte incorreto de bitucas de cigarro no meio ambiente ou em vias p\u00fablicas. Sua utiliza\u00e7\u00e3o \u00e9 simples, basta abrir o produto e inserir aproximadamente 1,2Kg de areia \u00famida em seu interior.<\/p>\n<p>Fabricada pelo processo de rotomoldagem, a\u00a0<strong>Bituqueira de Pl\u00e1stico<\/strong>\u00a0\u00e9 um coletor de bitucas de cigarros super resistente \u00e0s intemp\u00e9ries clim\u00e1ticas, j\u00e1 que possui protetor UV.<\/p>\n<p>A nossa<strong>\u00a0Bituqueira Pl\u00e1stica<\/strong>\u00a0pode ser facilmente higienizada com \u00e1gua e sab\u00e3o. Al\u00e9m disso, conta com duas travas super resistentes para abrir e fechar o recipiente com seguran\u00e7a e praticidade.<\/p>\n","protected":false},"featured_media":8906,"template":"","meta":{"_acf_changed":false},"descricao":[],"product_brand":[],"product_cat":[401],"product_tag":[],"class_list":{"0":"post-8905","1":"product","2":"type-product","3":"status-publish","4":"has-post-thumbnail","6":"product_cat-bituqueira","9":"instock","10":"shipping-taxable","11":"product-type-simple"},"acf":[],"_links":{"self":[{"href":"https:\/\/atimilplast.com.br\/loja\/wp-json\/wp\/v2\/product\/8905","targetHints":{"allow":["GET"]}}],"collection":[{"href":"https:\/\/atimilplast.com.br\/loja\/wp-json\/wp\/v2\/product"}],"about":[{"href":"https:\/\/atimilplast.com.br\/loja\/wp-json\/wp\/v2\/types\/product"}],"version-history":[{"count":3,"href":"https:\/\/atimilplast.com.br\/loja\/wp-json\/wp\/v2\/product\/8905\/revisions"}],"predecessor-version":[{"id":9121,"href":"https:\/\/atimilplast.com.br\/loja\/wp-json\/wp\/v2\/product\/8905\/revisions\/9121"}],"wp:featuredmedia":[{"embeddable":true,"href":"https:\/\/atimilplast.com.br\/loja\/wp-json\/wp\/v2\/media\/8906"}],"wp:attachment":[{"href":"https:\/\/atimilplast.com.br\/loja\/wp-json\/wp\/v2\/media?parent=8905"}],"wp:term":[{"taxonomy":"descricao","embeddable":true,"href":"https:\/\/atimilplast.com.br\/loja\/wp-json\/wp\/v2\/descricao?post=8905"},{"taxonomy":"product_brand","embeddable":true,"href":"https:\/\/atimilplast.com.br\/loja\/wp-json\/wp\/v2\/product_brand?post=8905"},{"taxonomy":"product_cat","embeddable":true,"href":"https:\/\/atimilplast.com.br\/loja\/wp-json\/wp\/v2\/product_cat?post=8905"},{"taxonomy":"product_tag","embeddable":true,"href":"https:\/\/atimilplast.com.br\/loja\/wp-json\/wp\/v2\/product_tag?post=8905"}],"curies":[{"name":"wp","href":"https:\/\/api.w.org\/{rel}","templated":true}]}}